{"id":2361,"date":"2025-02-05T11:46:20","date_gmt":"2025-02-05T08:46:20","guid":{"rendered":"https:\/\/www.erdesaglik.com\/?page_id=2361"},"modified":"2025-02-05T11:47:22","modified_gmt":"2025-02-05T08:47:22","slug":"botox","status":"publish","type":"page","link":"https:\/\/www.erdesaglik.com\/index.php\/botox\/","title":{"rendered":"BOTOX"},"content":{"rendered":"\t\t<div data-elementor-type=\"wp-page\" data-elementor-id=\"2361\" class=\"elementor elementor-2361\">\n\t\t\t\t<div class=\"elementor-element elementor-element-15923d7 e-flex e-con-boxed e-con e-parent\" data-id=\"15923d7\" data-element_type=\"container\">\n\t\t\t\t\t<div class=\"e-con-inner\">\n\t\t\t\t<div class=\"elementor-element elementor-element-42c4ff1 elementor-widget elementor-widget-image\" data-id=\"42c4ff1\" data-element_type=\"widget\" data-widget_type=\"image.default\">\n\t\t\t\t<div class=\"elementor-widget-container\">\n\t\t\t\t\t\t\t\t\t\t\t\t\t\t\t<img fetchpriority=\"high\" decoding=\"async\" width=\"900\" height=\"563\" src=\"https:\/\/www.erdesaglik.com\/wp-content\/uploads\/2025\/02\/Botox-1080x675-1-1024x640.jpg\" class=\"attachment-large size-large wp-image-2363\" alt=\"\" srcset=\"https:\/\/www.erdesaglik.com\/wp-content\/uploads\/2025\/02\/Botox-1080x675-1-1024x640.jpg 1024w, https:\/\/www.erdesaglik.com\/wp-content\/uploads\/2025\/02\/Botox-1080x675-1-300x188.jpg 300w, https:\/\/www.erdesaglik.com\/wp-content\/uploads\/2025\/02\/Botox-1080x675-1-768x480.jpg 768w, https:\/\/www.erdesaglik.com\/wp-content\/uploads\/2025\/02\/Botox-1080x675-1-950x594.jpg 950w, https:\/\/www.erdesaglik.com\/wp-content\/uploads\/2025\/02\/Botox-1080x675-1.jpg 1080w\" sizes=\"(max-width: 900px) 100vw, 900px\" \/>\t\t\t\t\t\t\t\t\t\t\t\t\t\t\t<\/div>\n\t\t\t\t<\/div>\n\t\t\t\t<div class=\"elementor-element elementor-element-0467b7b elementor-widget elementor-widget-text-editor\" data-id=\"0467b7b\" data-element_type=\"widget\" data-widget_type=\"text-editor.default\">\n\t\t\t\t<div class=\"elementor-widget-container\">\n\t\t\t\t\t\t\t\t\t<article class=\"w-full text-token-text-primary focus-visible:outline-2 focus-visible:outline-offset-[-4px]\" dir=\"auto\" data-testid=\"conversation-turn-2\" data-scroll-anchor=\"false\">\n<div class=\"m-auto text-base py-[18px] px-3 md:px-4 w-full md:px-5 lg:px-4 xl:px-5\">\n<div class=\"mx-auto flex flex-1 gap-4 text-base md:gap-5 lg:gap-6 md:max-w-3xl lg:max-w-[40rem] xl:max-w-[48rem]\">\n<div class=\"group\/conversation-turn relative flex w-full min-w-0 flex-col px-4 @xs\/thread:px-0 @sm\/thread:px-1.5\">\n<div class=\"flex-col gap-1 md:gap-3\">\n<div class=\"flex max-w-full flex-col flex-grow\">\n<div class=\"min-h-8 text-message flex w-full flex-col items-end gap-2 whitespace-normal break-words text-start [.text-message+&amp;]:mt-5\" dir=\"auto\" data-message-author-role=\"user\" data-message-id=\"d244e093-7e1f-4e89-8a6c-26197bbea599\">\n<div class=\"flex w-full flex-col gap-1 empty:hidden items-end rtl:items-start\">\n<div class=\"relative max-w-[var(--user-chat-width,70%)] rounded-3xl bg-token-message-surface px-5 py-2.5\">\n<div class=\"whitespace-pre-wrap\">\n<p>Son y\u0131llarda estetik d\u00fcnyas\u0131nda en pop\u00fcler ve etkili uygulamalardan biri haline gelen botoks, \u00f6zellikle y\u00fcz gen\u00e7le\u015ftirme ve k\u0131r\u0131\u015f\u0131kl\u0131k tedavisi i\u00e7in s\u0131k\u00e7a tercih edilen bir tedavi y\u00f6ntemidir. Hem kad\u0131nlar hem de erkekler aras\u0131nda yayg\u0131n olarak kullan\u0131lan botoks, do\u011fal ve gen\u00e7 bir g\u00f6r\u00fcn\u00fcm elde etmek isteyenler i\u00e7in ideal bir \u00e7\u00f6z\u00fcmd\u00fcr. Peki, botoks nedir, nas\u0131l uygulan\u0131r ve faydalar\u0131 nelerdir?<\/p><p><strong style=\"color: rgb(38, 50, 56); font-size: 24px; text-align: var(--text-align);\">Botoks Nedir?<\/strong><\/p>\n<p>Botoks, <em>Clostridium botulinum<\/em> adl\u0131 bakteriden elde edilen bir toksindir. Ancak estetik alan\u0131nda kullan\u0131lan botoks, bu toksinin \u00e7ok k\u00fc\u00e7\u00fck ve g\u00fcvenli dozlarda uygulanarak, y\u00fcz kaslar\u0131n\u0131n ge\u00e7ici olarak zay\u0131flamas\u0131na yol a\u00e7ar. Botoks, ba\u015fl\u0131ca k\u0131r\u0131\u015f\u0131kl\u0131klar\u0131n giderilmesinde ve y\u00fcz hatlar\u0131n\u0131n yeniden \u015fekillendirilmesinde kullan\u0131l\u0131r. En yayg\u0131n kullan\u0131m alanlar\u0131 aras\u0131nda al\u0131n, ka\u015f aras\u0131, g\u00f6z kenarlar\u0131 gibi b\u00f6lgelere yap\u0131lan uygulamalar yer al\u0131r.<\/p>\n<p>Botoks, ciltteki k\u0131r\u0131\u015f\u0131kl\u0131klar\u0131 ge\u00e7ici olarak azaltmak i\u00e7in kullan\u0131lan etkili bir tedavi y\u00f6ntemi olsa da, i\u015flem sonras\u0131nda kas hareketlerini engellemeyip sadece kaslar\u0131n ge\u00e7ici olarak gev\u015femesini sa\u011flar. Bu sayede y\u00fcz ifadelerindeki de\u011fi\u015fiklik olmadan, daha gen\u00e7 ve dinamik bir g\u00f6r\u00fcn\u00fcm elde edilir.<\/p>\n<h3><strong>Botoks Uygulama Alanlar\u0131<\/strong><\/h3>\n<ol><li><p><strong>Al\u0131n K\u0131r\u0131\u015f\u0131kl\u0131klar\u0131:<\/strong> Y\u00fcz\u00fcn \u00fcst k\u0131sm\u0131nda yer alan al\u0131n b\u00f6lgesindeki yatay k\u0131r\u0131\u015f\u0131kl\u0131klar, botoks uygulamas\u0131 ile olduk\u00e7a belirgin \u015fekilde azalabilir. Botoks, al\u0131n kaslar\u0131n\u0131 gev\u015feterek, bu k\u0131r\u0131\u015f\u0131kl\u0131klar\u0131n daha p\u00fcr\u00fczs\u00fcz bir hale gelmesini sa\u011flar.<\/p>\n<\/li>\n<li>\n<p><strong>Ka\u015f Aras\u0131 K\u0131r\u0131\u015f\u0131kl\u0131klar\u0131:<\/strong> Ka\u015flar aras\u0131ndaki dikey \u00e7izgiler, genellikle ya\u015flanma, stres ve mimik hareketleri sonucu olu\u015fur. Botoks, bu b\u00f6lgedeki kaslar\u0131 gev\u015feterek, ka\u015f aras\u0131ndaki k\u0131r\u0131\u015f\u0131kl\u0131klar\u0131n yok olmas\u0131na yard\u0131mc\u0131 olur.<\/p>\n<\/li>\n<li>\n<p><strong>G\u00f6z Kenar\u0131 (Kaz Ayaklar\u0131):<\/strong> G\u00f6z \u00e7evresinde olu\u015fan ve ya\u015fla birlikte derinle\u015fen kaz aya\u011f\u0131 \u00e7izgileri, botoks ile rahat\u00e7a tedavi edilebilir. Botoks, bu b\u00f6lgelerdeki kas hareketlerini engelleyerek k\u0131r\u0131\u015f\u0131kl\u0131klar\u0131n g\u00f6r\u00fcn\u00fcm\u00fcn\u00fc \u00f6nemli \u00f6l\u00e7\u00fcde azalt\u0131r.<\/p>\n<\/li>\n<li>\n<p><strong>Dudak \u00dcst\u00fc K\u0131r\u0131\u015f\u0131kl\u0131klar\u0131:<\/strong> Ya\u015fla birlikte dudak \u00fcst\u00fcnde olu\u015fan ince \u00e7izgiler, botoks sayesinde yok edilebilir. Ayr\u0131ca, \u00fcst dudak hatt\u0131n\u0131n daha belirgin hale gelmesi i\u00e7in de botoks kullan\u0131labilir.<\/p>\n<\/li>\n<li>\n<p><strong>\u00c7ene \u00c7izgisi ve G\u0131d\u0131 B\u00f6lgesi:<\/strong> \u00c7ene \u00e7izgisi \u00fczerindeki gev\u015feklik ve g\u0131d\u0131 (genellikle \u201c\u00e7ift \u00e7ene\u201d olarak bilinir) botoks ile tedavi edilebilir. G\u0131d\u0131 b\u00f6lgesindeki kaslar\u0131n gev\u015fetilmesi, daha s\u0131k\u0131 bir cilt g\u00f6r\u00fcn\u00fcm\u00fc sa\u011flar.<\/p>\n<\/li>\n<li>\n<p><strong>A\u015f\u0131r\u0131 Terleme (Hiperhidroz):<\/strong> Botoks, a\u015f\u0131r\u0131 terleme problemi ya\u015fayanlar i\u00e7in de kullan\u0131labilir. \u00d6zellikle koltuk alt\u0131, avu\u00e7 i\u00e7i ve ayak tabanlar\u0131ndaki a\u015f\u0131r\u0131 terlemeyi engellemek i\u00e7in botoks enjeksiyonlar\u0131 yap\u0131l\u0131r.<\/p>\n<\/li>\n<\/ol>\n<h3><strong>Botoks Uygulamas\u0131n\u0131n Avantajlar\u0131<\/strong><\/h3>\n<p>Botoks, hem estetik hem de fonksiyonel faydalar\u0131yla dikkat \u00e7eker. \u0130\u015fte botoksun ba\u015fl\u0131ca avantajlar\u0131:<\/p>\n<ol>\n<li>\n<p><strong>Gen\u00e7le\u015ftirici Etki:<\/strong> Botoks, y\u00fcz hatlar\u0131n\u0131 gen\u00e7le\u015ftirirken k\u0131r\u0131\u015f\u0131kl\u0131klar\u0131n azalmas\u0131na yard\u0131mc\u0131 olur. Y\u00fczdeki dinamik ifadelere zarar vermeden, do\u011fal bir gen\u00e7le\u015fme sa\u011flar.<\/p>\n<\/li>\n<li>\n<p><strong>Minimal \u0130nvaziv:<\/strong> Botoks, cerrahi bir i\u015flem de\u011fildir. Enjeksiyon yolu ile uyguland\u0131\u011f\u0131 i\u00e7in, hastalar herhangi bir kesi veya diki\u015f gerektirmeden h\u0131zl\u0131 bir \u015fekilde sonu\u00e7 alabilirler. Uygulama sonras\u0131 iyile\u015fme s\u00fcreci olduk\u00e7a k\u0131sad\u0131r.<\/p>\n<\/li>\n<li>\n<p><strong>K\u0131sa S\u00fcreli ve Etkili:<\/strong> Botoks i\u015flemi genellikle 10-15 dakika s\u00fcrer ve i\u015flem sonras\u0131nda hemen normal hayat\u0131n\u0131za d\u00f6nebilirsiniz. Uygulama sonu\u00e7lar\u0131 h\u0131zla g\u00f6r\u00fcl\u00fcr ve 3-6 ay aras\u0131nda de\u011fi\u015fen bir s\u00fcreyle etkisini s\u00fcrd\u00fcr\u00fcr.<\/p>\n<\/li>\n<li>\n<p><strong>Do\u011fal G\u00f6r\u00fcn\u00fcm:<\/strong> Botoksun en b\u00fcy\u00fck avantajlar\u0131ndan biri, do\u011fal sonu\u00e7lar sa\u011flamas\u0131d\u0131r. Y\u00fczdeki mimiklerin kaybolmadan, sadece istenmeyen k\u0131r\u0131\u015f\u0131kl\u0131klar\u0131n giderilmesini sa\u011flar.<\/p>\n<\/li>\n<li>\n<p><strong>A\u011fr\u0131s\u0131z Uygulama:<\/strong> Botoks enjeksiyonlar\u0131, genellikle a\u011fr\u0131s\u0131zd\u0131r. Uygulama s\u0131ras\u0131nda lokal anestezi gerekmese de, baz\u0131 ki\u015filer hafif bir rahats\u0131zl\u0131k hissi ya\u015fayabilir. Bu da birka\u00e7 dakika i\u00e7inde ge\u00e7er.<\/p>\n<\/li>\n<\/ol>\n<h3><strong>Botoksun Yan Etkileri ve Riskleri<\/strong><\/h3>\n<p>Botoks, uzman ki\u015filer taraf\u0131ndan do\u011fru \u015fekilde uyguland\u0131\u011f\u0131nda genellikle g\u00fcvenlidir. Ancak her tedavi gibi botoks uygulamas\u0131n\u0131n da baz\u0131 yan etkileri olabilir:<\/p>\n<ul>\n<li><strong>Ge\u00e7ici Ba\u015f A\u011fr\u0131lar\u0131:<\/strong> Uygulama sonras\u0131nda baz\u0131 ki\u015filerde ba\u015f a\u011fr\u0131s\u0131 g\u00f6r\u00fclebilir.<\/li>\n<li><strong>Mimik Kaslar\u0131nda Gev\u015feme:<\/strong> Botoksun etkisi ge\u00e7ici oldu\u011fu i\u00e7in, kaslar yeniden eski haline d\u00f6necektir. Ancak uygulaman\u0131n dozaj\u0131 yanl\u0131\u015f yap\u0131l\u0131rsa, bu durum mimiklerde a\u015f\u0131r\u0131 donukla\u015fmalara yol a\u00e7abilir.<\/li>\n<li><strong>Morarma:<\/strong> Enjeksiyon b\u00f6lgelerinde nadiren morarma g\u00f6r\u00fclebilir. Ancak bu genellikle birka\u00e7 g\u00fcn i\u00e7inde kendili\u011finden ge\u00e7er.<\/li>\n<li><strong>Asimetri:<\/strong> Yanl\u0131\u015f uygulama sonucunda y\u00fcz hatlar\u0131nda asimetri olu\u015fabilir.<\/li>\n<\/ul>\n<h3><strong>Botoks Sonras\u0131 Bak\u0131m<\/strong><\/h3>\n<ul><li>Uygulama sonras\u0131nda ilk birka\u00e7 saat boyunca ba\u015f\u0131n\u0131z\u0131 fazla e\u011fmemeye \u00e7al\u0131\u015f\u0131n.<\/li>\n<li>Egzersiz yapmamaya \u00f6zen g\u00f6sterin; a\u015f\u0131r\u0131 fiziksel aktiviteler uygulama sonras\u0131 ilk 24 saat i\u00e7inde yap\u0131lmamal\u0131d\u0131r.<\/li>\n<li>G\u00fcne\u015fe \u00e7\u0131kmaktan ka\u00e7\u0131n\u0131n veya y\u00fcksek koruma fakt\u00f6rl\u00fc g\u00fcne\u015f kremi kullan\u0131n.<\/li>\n<li>Masaj yapmaktan veya y\u00fcz\u00fcn\u00fcz\u00fc a\u015f\u0131r\u0131 ovalamaktan ka\u00e7\u0131n\u0131n.<\/li>\n<\/ul>\n<h3>&nbsp;<\/h3>\n<\/div>\n<\/div>\n<\/div>\n<\/div>\n<\/div>\n<\/div>\n<\/div>\n<\/div>\n<\/div>\n<\/article>\t\t\t\t\t\t\t\t<\/div>\n\t\t\t\t<\/div>\n\t\t\t\t\t<\/div>\n\t\t\t\t<\/div>\n\t\t\t\t<\/div>\n\t\t","protected":false},"excerpt":{"rendered":"<p>Son y\u0131llarda estetik d\u00fcnyas\u0131nda en pop\u00fcler ve etkili uygulamalardan biri haline gelen botoks, \u00f6zellikle y\u00fcz gen\u00e7le\u015ftirme ve k\u0131r\u0131\u015f\u0131kl\u0131k tedavisi i\u00e7in.. <span class=\"mil-el-more\"><a href=\"https:\/\/www.erdesaglik.com\/index.php\/botox\/\" class=\"mil-button mil-button-lg\"><span>Read more<\/span><\/a><\/span><\/p>\n","protected":false},"author":1,"featured_media":0,"parent":0,"menu_order":0,"comment_status":"closed","ping_status":"closed","template":"","meta":{"_acf_changed":false,"footnotes":""},"class_list":["post-2361","page","type-page","status-publish","hentry"],"acf":[],"_links":{"self":[{"href":"https:\/\/www.erdesaglik.com\/index.php\/wp-json\/wp\/v2\/pages\/2361","targetHints":{"allow":["GET"]}}],"collection":[{"href":"https:\/\/www.erdesaglik.com\/index.php\/wp-json\/wp\/v2\/pages"}],"about":[{"href":"https:\/\/www.erdesaglik.com\/index.php\/wp-json\/wp\/v2\/types\/page"}],"author":[{"embeddable":true,"href":"https:\/\/www.erdesaglik.com\/index.php\/wp-json\/wp\/v2\/users\/1"}],"replies":[{"embeddable":true,"href":"https:\/\/www.erdesaglik.com\/index.php\/wp-json\/wp\/v2\/comments?post=2361"}],"version-history":[{"count":7,"href":"https:\/\/www.erdesaglik.com\/index.php\/wp-json\/wp\/v2\/pages\/2361\/revisions"}],"predecessor-version":[{"id":2369,"href":"https:\/\/www.erdesaglik.com\/index.php\/wp-json\/wp\/v2\/pages\/2361\/revisions\/2369"}],"wp:attachment":[{"href":"https:\/\/www.erdesaglik.com\/index.php\/wp-json\/wp\/v2\/media?parent=2361"}],"curies":[{"name":"wp","href":"https:\/\/api.w.org\/{rel}","templated":true}]}}