{"id":2314,"date":"2025-02-05T11:12:38","date_gmt":"2025-02-05T08:12:38","guid":{"rendered":"https:\/\/www.erdesaglik.com\/?page_id=2314"},"modified":"2025-02-05T11:20:21","modified_gmt":"2025-02-05T08:20:21","slug":"sac-ekimi","status":"publish","type":"page","link":"https:\/\/www.erdesaglik.com\/index.php\/sac-ekimi\/","title":{"rendered":"SA\u00c7 EK\u0130M\u0130"},"content":{"rendered":"\t\t<div data-elementor-type=\"wp-page\" data-elementor-id=\"2314\" class=\"elementor elementor-2314\">\n\t\t\t\t<div class=\"elementor-element elementor-element-15923d7 e-flex e-con-boxed e-con e-parent\" data-id=\"15923d7\" data-element_type=\"container\">\n\t\t\t\t\t<div class=\"e-con-inner\">\n\t\t\t\t<div class=\"elementor-element elementor-element-42c4ff1 elementor-widget elementor-widget-image\" data-id=\"42c4ff1\" data-element_type=\"widget\" data-widget_type=\"image.default\">\n\t\t\t\t<div class=\"elementor-widget-container\">\n\t\t\t\t\t\t\t\t\t\t\t\t\t\t\t<img fetchpriority=\"high\" decoding=\"async\" width=\"1920\" height=\"1080\" src=\"https:\/\/www.erdesaglik.com\/wp-content\/uploads\/2025\/02\/hair-transplantation_533-154.webp\" class=\"attachment-full size-full wp-image-2317\" alt=\"\" srcset=\"https:\/\/www.erdesaglik.com\/wp-content\/uploads\/2025\/02\/hair-transplantation_533-154.webp 1920w, https:\/\/www.erdesaglik.com\/wp-content\/uploads\/2025\/02\/hair-transplantation_533-154-300x169.webp 300w, https:\/\/www.erdesaglik.com\/wp-content\/uploads\/2025\/02\/hair-transplantation_533-154-1024x576.webp 1024w, https:\/\/www.erdesaglik.com\/wp-content\/uploads\/2025\/02\/hair-transplantation_533-154-768x432.webp 768w, https:\/\/www.erdesaglik.com\/wp-content\/uploads\/2025\/02\/hair-transplantation_533-154-1536x864.webp 1536w, https:\/\/www.erdesaglik.com\/wp-content\/uploads\/2025\/02\/hair-transplantation_533-154-950x534.webp 950w\" sizes=\"(max-width: 1920px) 100vw, 1920px\" \/>\t\t\t\t\t\t\t\t\t\t\t\t\t\t\t<\/div>\n\t\t\t\t<\/div>\n\t\t\t\t<div class=\"elementor-element elementor-element-0467b7b elementor-widget elementor-widget-text-editor\" data-id=\"0467b7b\" data-element_type=\"widget\" data-widget_type=\"text-editor.default\">\n\t\t\t\t<div class=\"elementor-widget-container\">\n\t\t\t\t\t\t\t\t\t<p>Sa\u00e7 d\u00f6k\u00fclmesi, g\u00fcn\u00fcm\u00fczde pek \u00e7ok ki\u015finin kar\u015f\u0131la\u015ft\u0131\u011f\u0131 yayg\u0131n bir sorundur. \u00d6zellikle genetik fakt\u00f6rler, stres, hormonal de\u011fi\u015fiklikler ve ya\u015flanma gibi sebeplerle sa\u00e7 d\u00f6k\u00fclmesi daha belirgin hale gelir. Ancak teknoloji ve t\u0131ptaki ilerlemeler sayesinde, sa\u00e7 d\u00f6k\u00fclmesine kal\u0131c\u0131 \u00e7\u00f6z\u00fcmler sunan y\u00f6ntemler de geli\u015ftirilmi\u015ftir. Bu yaz\u0131m\u0131zda, sa\u00e7 ekimi hakk\u0131nda merak edilen t\u00fcm detaylar\u0131 ve bu y\u00f6ntemin nas\u0131l \u00e7al\u0131\u015ft\u0131\u011f\u0131n\u0131 ele alaca\u011f\u0131z.<\/p><h3><strong>Sa\u00e7 Ekim Nedir?<\/strong><\/h3><p>Sa\u00e7 ekimi, sa\u00e7 d\u00f6k\u00fclmesi ya\u015fayan bireylerin kaybolan sa\u00e7lar\u0131n\u0131 tekrar kazanmalar\u0131n\u0131 sa\u011flayan cerrahi bir m\u00fcdahaledir. Bu i\u015flemde, genellikle ki\u015finin arka ba\u015f k\u0131sm\u0131ndan (don\u00f6r b\u00f6lge) sa\u011fl\u0131kl\u0131 sa\u00e7 k\u00f6kleri al\u0131narak, d\u00f6k\u00fclm\u00fc\u015f ya da seyrelmi\u015f b\u00f6lgelere ekilir. Sa\u00e7 ekimi, ki\u015finin kendi sa\u00e7 k\u00f6kleri kullan\u0131larak yap\u0131lan do\u011fal bir tedavi y\u00f6ntemidir.<\/p><h3><strong>Sa\u00e7 Ekimi Y\u00f6ntemleri<\/strong><\/h3><p>Sa\u00e7 ekimi, teknolojinin geli\u015fmesiyle birlikte farkl\u0131 y\u00f6ntemlerle yap\u0131labilmektedir. En yayg\u0131n kullan\u0131lan teknikler \u015funlard\u0131r:<\/p><ol><li><p><strong>FUE (Folik\u00fcler \u00dcnite Ekstraksiyonu):<\/strong> FUE, g\u00fcn\u00fcm\u00fczde en pop\u00fcler sa\u00e7 ekimi y\u00f6ntemlerinden biridir. Bu y\u00f6ntemde, sa\u00e7 k\u00f6kleri tek tek al\u0131narak ekim yap\u0131lacak b\u00f6lgeye yerle\u015ftirilir. FUE\u2019nin en b\u00fcy\u00fck avantaj\u0131, herhangi bir iz b\u0131rakmamas\u0131 ve iyile\u015fme s\u00fcrecinin olduk\u00e7a h\u0131zl\u0131 olmas\u0131d\u0131r. Ayr\u0131ca, do\u011fal g\u00f6r\u00fcn\u00fcml\u00fc sonu\u00e7lar elde edilmesi de bu y\u00f6ntemin tercih edilmesindeki \u00f6nemli sebeplerden biridir.<\/p><\/li><li><p><strong>FUT (Folik\u00fcler \u00dcnite Transplantasyonu):<\/strong> FUT y\u00f6nteminde, ba\u015f\u0131n arka k\u0131sm\u0131ndan \u015ferit \u015feklinde deri al\u0131n\u0131r ve buradaki sa\u00e7 k\u00f6kleri daha sonra tek tek ayr\u0131larak ekim yap\u0131lacak b\u00f6lgeye nakledilir. Bu y\u00f6ntem, b\u00fcy\u00fck alanlarda daha fazla sa\u00e7 ekimi yap\u0131lmas\u0131 gerekti\u011finde tercih edilebilir. Ancak, FUT\u2019un iyile\u015fme s\u00fcresi FUE y\u00f6ntemine g\u00f6re biraz daha uzun olabilir ve ba\u015f\u0131n arkas\u0131nda ince bir iz kalabilir.<\/p><\/li><li><p><strong>DHI (Direct Hair Implantation):<\/strong> DHI, FUE y\u00f6ntemine benzer bir tekniktir, ancak ekim i\u015flemi bir i\u011fne ucu yard\u0131m\u0131yla do\u011frudan yap\u0131l\u0131r. Bu y\u00f6ntem, daha fazla kontrol imkan\u0131 sundu\u011fu i\u00e7in daha do\u011fal sonu\u00e7lar elde edilmesine yard\u0131mc\u0131 olabilir. DHI tekni\u011fi, sa\u00e7 k\u00f6klerinin direkt olarak ekilmesini sa\u011flar ve iz b\u0131rakma olas\u0131l\u0131\u011f\u0131 son derece d\u00fc\u015f\u00fckt\u00fcr.<\/p><\/li><\/ol><h3><strong>Sa\u00e7 Ekimi Kimlere Uygulanabilir?<\/strong><\/h3><p>Sa\u00e7 ekimi, genellikle erkeklerde g\u00f6r\u00fclen androgenetik alopesi (genetik sa\u00e7 d\u00f6k\u00fclmesi) tedavisinde yayg\u0131n olarak tercih edilse de, kad\u0131nlar i\u00e7in de etkili bir \u00e7\u00f6z\u00fcm olabilir. Sa\u00e7 d\u00f6k\u00fclmesinin \u00e7e\u015fitli nedenleri olsa da, sa\u00e7 ekimi genellikle \u015fu durumlar i\u00e7in \u00f6nerilir:<\/p><ul><li><strong>Erkeklerde Genetik Sa\u00e7 D\u00f6k\u00fclmesi:<\/strong> Erkek tipi sa\u00e7 d\u00f6k\u00fclmesi, genetik fakt\u00f6rlere ba\u011fl\u0131 olarak ba\u015flar ve zamanla daha belirgin hale gelir. Sa\u00e7 ekimi, d\u00f6k\u00fclen alanlar\u0131 yeniden canland\u0131rman\u0131n en etkili yoludur.<\/li><li><strong>Kad\u0131nlarda Sa\u00e7 Seyrelmesi:<\/strong> Kad\u0131nlarda sa\u00e7 seyrelmesi, genetik fakt\u00f6rler, hormonlar ve ya\u015flanma gibi etkenlerle ortaya \u00e7\u0131kabilir. Sa\u00e7 ekimi, seyrelmi\u015f b\u00f6lgeleri yeniden canland\u0131rabilir.<\/li><li><strong>Kellik:<\/strong> Tamamen kellik ya\u015fayan ki\u015filerde, sa\u00e7 ekimi d\u00f6k\u00fclm\u00fc\u015f b\u00f6lgelerde do\u011fal ve kal\u0131c\u0131 bir \u00e7\u00f6z\u00fcm sunar.<\/li><li><strong>Yaralanmalar ve Yan\u0131klar:<\/strong> Sa\u00e7 ekimi, travma, kaza veya yan\u0131klar sonucu sa\u00e7 kayb\u0131 ya\u015fayan ki\u015filer i\u00e7in de uygundur. Bu t\u00fcr durumlar i\u00e7in \u00f6zel bir teknikle sa\u00e7 ekimi yap\u0131labilir.<\/li><\/ul><h3>\u00a0<\/h3>\t\t\t\t\t\t\t\t<\/div>\n\t\t\t\t<\/div>\n\t\t\t\t\t<\/div>\n\t\t\t\t<\/div>\n\t\t\t\t<\/div>\n\t\t","protected":false},"excerpt":{"rendered":"<p>Sa\u00e7 d\u00f6k\u00fclmesi, g\u00fcn\u00fcm\u00fczde pek \u00e7ok ki\u015finin kar\u015f\u0131la\u015ft\u0131\u011f\u0131 yayg\u0131n bir sorundur. \u00d6zellikle genetik fakt\u00f6rler, stres, hormonal de\u011fi\u015fiklikler ve ya\u015flanma gibi sebeplerle.. <span class=\"mil-el-more\"><a href=\"https:\/\/www.erdesaglik.com\/index.php\/sac-ekimi\/\" class=\"mil-button mil-button-lg\"><span>Read more<\/span><\/a><\/span><\/p>\n","protected":false},"author":1,"featured_media":0,"parent":0,"menu_order":0,"comment_status":"closed","ping_status":"closed","template":"","meta":{"_acf_changed":false,"footnotes":""},"class_list":["post-2314","page","type-page","status-publish","hentry"],"acf":[],"_links":{"self":[{"href":"https:\/\/www.erdesaglik.com\/index.php\/wp-json\/wp\/v2\/pages\/2314","targetHints":{"allow":["GET"]}}],"collection":[{"href":"https:\/\/www.erdesaglik.com\/index.php\/wp-json\/wp\/v2\/pages"}],"about":[{"href":"https:\/\/www.erdesaglik.com\/index.php\/wp-json\/wp\/v2\/types\/page"}],"author":[{"embeddable":true,"href":"https:\/\/www.erdesaglik.com\/index.php\/wp-json\/wp\/v2\/users\/1"}],"replies":[{"embeddable":true,"href":"https:\/\/www.erdesaglik.com\/index.php\/wp-json\/wp\/v2\/comments?post=2314"}],"version-history":[{"count":10,"href":"https:\/\/www.erdesaglik.com\/index.php\/wp-json\/wp\/v2\/pages\/2314\/revisions"}],"predecessor-version":[{"id":2326,"href":"https:\/\/www.erdesaglik.com\/index.php\/wp-json\/wp\/v2\/pages\/2314\/revisions\/2326"}],"wp:attachment":[{"href":"https:\/\/www.erdesaglik.com\/index.php\/wp-json\/wp\/v2\/media?parent=2314"}],"curies":[{"name":"wp","href":"https:\/\/api.w.org\/{rel}","templated":true}]}}