{"id":1848,"date":"2023-06-16T13:13:45","date_gmt":"2023-06-16T13:13:45","guid":{"rendered":"https:\/\/lettery-demo.bslthemes.com\/?page_id=12"},"modified":"2025-02-05T16:46:59","modified_gmt":"2025-02-05T13:46:59","slug":"home","status":"publish","type":"page","link":"https:\/\/www.erdesaglik.com\/","title":{"rendered":"Home"},"content":{"rendered":"\t\t<div data-elementor-type=\"wp-page\" data-elementor-id=\"1848\" class=\"elementor elementor-1848\">\n\t\t\t\t\t\t<section class=\"elementor-section elementor-top-section elementor-element elementor-element-d1c9ef1 elementor-section-full_width elementor-section-height-default elementor-section-height-default\" data-id=\"d1c9ef1\" data-element_type=\"section\">\n\t\t\t\t\t\t<div class=\"elementor-container elementor-column-gap-no\">\n\t\t\t\t\t<div class=\"elementor-column elementor-col-100 elementor-top-column elementor-element elementor-element-30c9a35\" data-id=\"30c9a35\" data-element_type=\"column\">\n\t\t\t<div class=\"elementor-widget-wrap elementor-element-populated\">\n\t\t\t\t\t\t<div class=\"elementor-element elementor-element-0013e09 bdt-ps-blur-effect--yes elementor-widget elementor-widget-prime-slider-dragon\" data-id=\"0013e09\" data-element_type=\"widget\" data-widget_type=\"prime-slider-dragon.default\">\n\t\t\t\t<div class=\"elementor-widget-container\">\n\t\t\t\t\t\t\t<div class=\"bdt-prime-slider\">\n\t\t\t<div class=\"bdt-prime-slider-dragon\">\n\t\t\t\t<div class=\"bdt-position-relative bdt-visible-toggle\" data-settings=\"{&quot;id&quot;:&quot;#bdt-0013e09&quot;,&quot;animation_status&quot;:&quot;no&quot;}\" id=\"bdt-0013e09\" bdt-slideshow=\"{&quot;animation&quot;:&quot;fade&quot;,&quot;ratio&quot;:&quot;16:9&quot;,&quot;min-height&quot;:1,&quot;autoplay&quot;:true,&quot;autoplay-interval&quot;:7000,&quot;pause-on-hover&quot;:false,&quot;velocity&quot;:1,&quot;finite&quot;:false}\">\n\t\t\t\t\t<ul class=\"bdt-slideshow-items\">\n\t\t\t\t\t\t\t\t<li class=\"bdt-slideshow-item bdt-flex bdt-flex-middle elementor-repeater-item-0bc5e08\">\n\n\t\t\t<div class=\"bdt-ps-dragon-bg\">\n\t\t\t\t\n\t\t\t\t\t\t<div class=\"bdt-ps-slide-img\"\n\t\t\t\t\t\t\tstyle=\"background-image: url('https:\/\/www.erdesaglik.com\/wp-content\/uploads\/2025\/02\/adsa.png')\"><\/div>\n\n\t\t\t\t\t\t\t\t\t<\/div>\n\n\t\t\t<div class=\"bdt-ps-dragon-slide-image\">\n\t\t\t\t\n\t\t\t\t\t\t<div class=\"bdt-ps-slide-img\"\n\t\t\t\t\t\t\tstyle=\"background-image: url('https:\/\/www.erdesaglik.com\/wp-content\/uploads\/2025\/02\/adsa.png')\"><\/div>\n\n\t\t\t\t\t\t\t\t\t<\/div>\n\n\t\t\t\t\t\t\n\t\t\t\t\t<div class=\"bdt-prime-slider-wrapper\">\n\t\t\t<div class=\"bdt-prime-slider-content\">\n\n\t\t\t\t\t\t\t\t\t<div class=\"bdt-sub-title\">\n\n\t\t\t\t\t\t<h4 class=\"bdt-sub-title-inner\" data-bdt-slideshow-parallax=\"x: 100,-100; opacity: 1,1,0\" data-reveal=\"reveal-active\">\n                            Y\u0131llar\u0131n Verdi\u011fi Tecr\u00fcbe                        <\/h4>\n\n\t\t\t\t\t<\/div>\n\t\t\t\t\n\t\t\t\t\t\t\t\t\t<div class=\"bdt-main-title\">\n\t\t\t\t\t\t<h1 class=\"bdt-title-tag\" data-bdt-slideshow-parallax=\"x: 200,-200; opacity: 1,1,0\"  data-reveal=\"reveal-active\">\n\t\t\t\t\t\t\t\t\t\t\t\t\t\t\t<span class=\"frist-word\">BOTOX,<\/span> Y\u00dcZ VE DUDAK DOLGUSU\t\t\t\t\t\t\t\t\t\t\t\t\t\t<\/h1>\n\t\t\t\t\t<\/div>\n\t\t\t\t\n\t\t\t\t\n\t\t\t\t<div data-bdt-slideshow-parallax=\"x: 400,-400; opacity: 1,1,0\">\n\t\t\t\t\t\n\t\t\t\t\t\t<\/div>\n\t\t\t\t\t\n\t\t\t<\/div>\n\t\t<\/div>\n        \n\t\t<\/li>\n        \t\t<li class=\"bdt-slideshow-item bdt-flex bdt-flex-middle elementor-repeater-item-5785616\">\n\n\t\t\t<div class=\"bdt-ps-dragon-bg\">\n\t\t\t\t\n\t\t\t\t\t\t<div class=\"bdt-ps-slide-img\"\n\t\t\t\t\t\t\tstyle=\"background-image: url('https:\/\/www.erdesaglik.com\/wp-content\/uploads\/2025\/02\/PRP_21600-1-1280x500-1.jpg')\"><\/div>\n\n\t\t\t\t\t\t\t\t\t<\/div>\n\n\t\t\t<div class=\"bdt-ps-dragon-slide-image\">\n\t\t\t\t\n\t\t\t\t\t\t<div class=\"bdt-ps-slide-img\"\n\t\t\t\t\t\t\tstyle=\"background-image: url('https:\/\/www.erdesaglik.com\/wp-content\/uploads\/2025\/02\/PRP_21600-1-1280x500-1.jpg')\"><\/div>\n\n\t\t\t\t\t\t\t\t\t<\/div>\n\n\t\t\t\t\t\t\n\t\t\t\t\t<div class=\"bdt-prime-slider-wrapper\">\n\t\t\t<div class=\"bdt-prime-slider-content\">\n\n\t\t\t\t\t\t\t\t\t<div class=\"bdt-sub-title\">\n\n\t\t\t\t\t\t<h4 class=\"bdt-sub-title-inner\" data-bdt-slideshow-parallax=\"x: 100,-100; opacity: 1,1,0\" data-reveal=\"reveal-active\">\n                            Tazeli\u011fi Cildinizde Hissedin                        <\/h4>\n\n\t\t\t\t\t<\/div>\n\t\t\t\t\n\t\t\t\t\t\t\t\t\t<div class=\"bdt-main-title\">\n\t\t\t\t\t\t<h1 class=\"bdt-title-tag\" data-bdt-slideshow-parallax=\"x: 200,-200; opacity: 1,1,0\"  data-reveal=\"reveal-active\">\n\t\t\t\t\t\t\t\t\t\t\t\t\t\t\t<span class=\"frist-word\">PRP<\/span> &amp; MEZOTERAP\u0130\t\t\t\t\t\t\t\t\t\t\t\t\t\t<\/h1>\n\t\t\t\t\t<\/div>\n\t\t\t\t\n\t\t\t\t\n\t\t\t\t<div data-bdt-slideshow-parallax=\"x: 400,-400; opacity: 1,1,0\">\n\t\t\t\t\t\n\t\t\t\t\t\t<\/div>\n\t\t\t\t\t\n\t\t\t<\/div>\n\t\t<\/div>\n        \n\t\t<\/li>\n        \n\t\t\t\t\t<\/ul>\n\n\t\t\t\t\t            \n                <ul class=\"bdt-slideshow-nav bdt-dotnav bdt-dotnav-vertical reveal-muted\">\n\n                                        <li bdt-slideshow-item=\"0\" data-label=\"01\" ><a href=\"#\"><\/a><\/li>\n                                        <li bdt-slideshow-item=\"1\" data-label=\"02\" ><a href=\"#\"><\/a><\/li>\n                                        \n                <\/ul>\n\n            \n        \t\t\t\t\t\n\t\t\t\t<\/div>\n\t\t\t\t\t\t\t<\/div>\n\t\t<\/div>\n        \t\t\t\t<\/div>\n\t\t\t\t<\/div>\n\t\t\t\t<div class=\"elementor-element elementor-element-9e5b835 elementor-widget elementor-widget-heading\" data-id=\"9e5b835\" data-element_type=\"widget\" data-widget_type=\"heading.default\">\n\t\t\t\t<div class=\"elementor-widget-container\">\n\t\t\t\t\t<h2 class=\"elementor-heading-title elementor-size-default\">UYGULAMALAR<\/h2>\t\t\t\t<\/div>\n\t\t\t\t<\/div>\n\t\t\t\t<section class=\"elementor-section elementor-inner-section elementor-element elementor-element-e3a2291 elementor-section-boxed elementor-section-height-default elementor-section-height-default\" data-id=\"e3a2291\" data-element_type=\"section\">\n\t\t\t\t\t\t<div class=\"elementor-container elementor-column-gap-default\">\n\t\t\t\t\t<div class=\"elementor-column elementor-col-12 elementor-inner-column elementor-element elementor-element-c7d52af\" data-id=\"c7d52af\" data-element_type=\"column\">\n\t\t\t<div class=\"elementor-widget-wrap elementor-element-populated\">\n\t\t\t\t\t\t<div class=\"elementor-element elementor-element-8960e55 elementor-widget elementor-widget-lettery-team\" data-id=\"8960e55\" data-element_type=\"widget\" data-widget_type=\"lettery-team.default\">\n\t\t\t\t<div class=\"elementor-widget-container\">\n\t\t\t\t\t\n\t\t<!-- team card -->\n\t\t<div class=\"mil-card-1 mil-appearance mil-mb-10\">\n\t\t\t<div class=\"mil-cover mil-square\">\n\t\t\t\t\t\t\t\t<div class=\"mil-image-frame\">\n\t\t\t\t\t<!-- portrait -->\n\t\t\t\t\t\t\t\t\t\t\t<a data-no-swup href=\"https:\/\/www.erdesaglik.com\/index.php\/prp-mezoterapi\/\" class=\"mil-icon-2-trigger\">\n\t\t\t\t\t\t\t\t\t\t\t<img decoding=\"async\" src=\"https:\/\/www.erdesaglik.com\/wp-content\/uploads\/2025\/02\/mezoterapi.jpg\" alt=\"PRP MEZOTERAP\u0130\" style=\"object-position: top\" \/>\n\t\t\t\t\t\t\t\t\t\t\t<\/a>\n\t\t\t\t\t\t\t\t\t<\/div>\n\t\t\t\t\t\t\t<\/div>\n\t\t\t<div class=\"mil-overlay mil-with-bg mil-text-center\">\n\t\t\t\t<div class=\"mil-description\">\n\t\t\t\t\t\t\t\t\t\t<!-- name -->\n\t\t\t\t\t<h5>\n\t\t\t\t\t\t<span >\n\t\t\t\t\t\t\tPRP MEZOTERAP\u0130\t\t\t\t\t\t<\/span>\n\t\t\t\t\t<\/h5>\n\t\t\t\t\t\t\t\t\t\t\t\t\t\t<\/div>\n\t\t\t<\/div>\n\t\t<\/div>\n\t\t<!-- team card end -->\n\n\t\t\t\t\t\t<\/div>\n\t\t\t\t<\/div>\n\t\t\t\t\t<\/div>\n\t\t<\/div>\n\t\t\t\t<div class=\"elementor-column elementor-col-12 elementor-inner-column elementor-element elementor-element-2cff628\" data-id=\"2cff628\" data-element_type=\"column\">\n\t\t\t<div class=\"elementor-widget-wrap elementor-element-populated\">\n\t\t\t\t\t\t<div class=\"elementor-element elementor-element-abdb535 elementor-widget elementor-widget-lettery-team\" data-id=\"abdb535\" data-element_type=\"widget\" data-widget_type=\"lettery-team.default\">\n\t\t\t\t<div class=\"elementor-widget-container\">\n\t\t\t\t\t\n\t\t<!-- team card -->\n\t\t<div class=\"mil-card-1 mil-appearance mil-mb-10\">\n\t\t\t<div class=\"mil-cover mil-square\">\n\t\t\t\t\t\t\t\t<div class=\"mil-image-frame\">\n\t\t\t\t\t<!-- portrait -->\n\t\t\t\t\t\t\t\t\t\t\t<a data-no-swup href=\"https:\/\/www.erdesaglik.com\/index.php\/sac-ekimi\/\" class=\"mil-icon-2-trigger\">\n\t\t\t\t\t\t\t\t\t\t\t<img decoding=\"async\" src=\"https:\/\/www.erdesaglik.com\/wp-content\/uploads\/2025\/02\/sac-ekimi.jpg\" alt=\"SA\u00c7 EK\u0130M\u0130\" style=\"object-position: top\" \/>\n\t\t\t\t\t\t\t\t\t\t\t<\/a>\n\t\t\t\t\t\t\t\t\t<\/div>\n\t\t\t\t\t\t\t<\/div>\n\t\t\t<div class=\"mil-overlay mil-with-bg mil-text-center\">\n\t\t\t\t<div class=\"mil-description\">\n\t\t\t\t\t\t\t\t\t\t<!-- name -->\n\t\t\t\t\t<h5>\n\t\t\t\t\t\t<span >\n\t\t\t\t\t\t\tSA\u00c7 EK\u0130M\u0130\t\t\t\t\t\t<\/span>\n\t\t\t\t\t<\/h5>\n\t\t\t\t\t\t\t\t\t\t\t\t\t\t<\/div>\n\t\t\t<\/div>\n\t\t<\/div>\n\t\t<!-- team card end -->\n\n\t\t\t\t\t\t<\/div>\n\t\t\t\t<\/div>\n\t\t\t\t\t<\/div>\n\t\t<\/div>\n\t\t\t\t<div class=\"elementor-column elementor-col-12 elementor-inner-column elementor-element elementor-element-e7a8613\" data-id=\"e7a8613\" data-element_type=\"column\">\n\t\t\t<div class=\"elementor-widget-wrap elementor-element-populated\">\n\t\t\t\t\t\t<div class=\"elementor-element elementor-element-6addf4d elementor-widget elementor-widget-lettery-team\" data-id=\"6addf4d\" data-element_type=\"widget\" data-widget_type=\"lettery-team.default\">\n\t\t\t\t<div class=\"elementor-widget-container\">\n\t\t\t\t\t\n\t\t<!-- team card -->\n\t\t<div class=\"mil-card-1 mil-appearance mil-mb-10\">\n\t\t\t<div class=\"mil-cover mil-square\">\n\t\t\t\t\t\t\t\t<div class=\"mil-image-frame\">\n\t\t\t\t\t<!-- portrait -->\n\t\t\t\t\t\t\t\t\t\t\t<a data-no-swup href=\"https:\/\/www.erdesaglik.com\/index.php\/cilt-bakimi\/\" class=\"mil-icon-2-trigger\">\n\t\t\t\t\t\t\t\t\t\t\t<img decoding=\"async\" src=\"https:\/\/www.erdesaglik.com\/wp-content\/uploads\/2025\/02\/cilt-bakimi.jpg\" alt=\"C\u0130LT BAKIMI\" style=\"object-position: top\" \/>\n\t\t\t\t\t\t\t\t\t\t\t<\/a>\n\t\t\t\t\t\t\t\t\t<\/div>\n\t\t\t\t\t\t\t<\/div>\n\t\t\t<div class=\"mil-overlay mil-with-bg mil-text-center\">\n\t\t\t\t<div class=\"mil-description\">\n\t\t\t\t\t\t\t\t\t\t<!-- name -->\n\t\t\t\t\t<h5>\n\t\t\t\t\t\t<span >\n\t\t\t\t\t\t\tC\u0130LT BAKIMI\t\t\t\t\t\t<\/span>\n\t\t\t\t\t<\/h5>\n\t\t\t\t\t\t\t\t\t\t\t\t\t\t<\/div>\n\t\t\t<\/div>\n\t\t<\/div>\n\t\t<!-- team card end -->\n\n\t\t\t\t\t\t<\/div>\n\t\t\t\t<\/div>\n\t\t\t\t\t<\/div>\n\t\t<\/div>\n\t\t\t\t<div class=\"elementor-column elementor-col-12 elementor-inner-column elementor-element elementor-element-40b29e1\" data-id=\"40b29e1\" data-element_type=\"column\">\n\t\t\t<div class=\"elementor-widget-wrap elementor-element-populated\">\n\t\t\t\t\t\t<div class=\"elementor-element elementor-element-293521c elementor-widget elementor-widget-lettery-team\" data-id=\"293521c\" data-element_type=\"widget\" data-widget_type=\"lettery-team.default\">\n\t\t\t\t<div class=\"elementor-widget-container\">\n\t\t\t\t\t\n\t\t<!-- team card -->\n\t\t<div class=\"mil-card-1 mil-appearance mil-mb-10\">\n\t\t\t<div class=\"mil-cover mil-square\">\n\t\t\t\t\t\t\t\t<div class=\"mil-image-frame\">\n\t\t\t\t\t<!-- portrait -->\n\t\t\t\t\t\t\t\t\t\t\t<a data-no-swup href=\"https:\/\/www.erdesaglik.com\/index.php\/bolgesel-zayiflama\/\" class=\"mil-icon-2-trigger\">\n\t\t\t\t\t\t\t\t\t\t\t<img decoding=\"async\" src=\"https:\/\/www.erdesaglik.com\/wp-content\/uploads\/2025\/02\/zayiflama.jpg\" alt=\"B\u00d6LGESEL ZAYIFLAMA\" style=\"object-position: top\" \/>\n\t\t\t\t\t\t\t\t\t\t\t<\/a>\n\t\t\t\t\t\t\t\t\t<\/div>\n\t\t\t\t\t\t\t<\/div>\n\t\t\t<div class=\"mil-overlay mil-with-bg mil-text-center\">\n\t\t\t\t<div class=\"mil-description\">\n\t\t\t\t\t\t\t\t\t\t<!-- name -->\n\t\t\t\t\t<h5>\n\t\t\t\t\t\t<span >\n\t\t\t\t\t\t\tB\u00d6LGESEL ZAYIFLAMA\t\t\t\t\t\t<\/span>\n\t\t\t\t\t<\/h5>\n\t\t\t\t\t\t\t\t\t\t\t\t\t\t<\/div>\n\t\t\t<\/div>\n\t\t<\/div>\n\t\t<!-- team card end -->\n\n\t\t\t\t\t\t<\/div>\n\t\t\t\t<\/div>\n\t\t\t\t\t<\/div>\n\t\t<\/div>\n\t\t\t\t<div class=\"elementor-column elementor-col-12 elementor-inner-column elementor-element elementor-element-c4e944c\" data-id=\"c4e944c\" data-element_type=\"column\">\n\t\t\t<div class=\"elementor-widget-wrap elementor-element-populated\">\n\t\t\t\t\t\t<div class=\"elementor-element elementor-element-e07ca25 elementor-widget elementor-widget-lettery-team\" data-id=\"e07ca25\" data-element_type=\"widget\" data-widget_type=\"lettery-team.default\">\n\t\t\t\t<div class=\"elementor-widget-container\">\n\t\t\t\t\t\n\t\t<!-- team card -->\n\t\t<div class=\"mil-card-1 mil-appearance mil-mb-10\">\n\t\t\t<div class=\"mil-cover mil-square\">\n\t\t\t\t\t\t\t\t<div class=\"mil-image-frame\">\n\t\t\t\t\t<!-- portrait -->\n\t\t\t\t\t\t\t\t\t\t\t<a data-no-swup href=\"https:\/\/www.erdesaglik.com\/index.php\/ben-ve-leke-tedavisi\/\" class=\"mil-icon-2-trigger\">\n\t\t\t\t\t\t\t\t\t\t\t<img decoding=\"async\" src=\"https:\/\/www.erdesaglik.com\/wp-content\/uploads\/2025\/02\/ben.jpg\" alt=\"BEN VE LEKE TEDAV\u0130S\u0130\" style=\"object-position: top\" \/>\n\t\t\t\t\t\t\t\t\t\t\t<\/a>\n\t\t\t\t\t\t\t\t\t<\/div>\n\t\t\t\t\t\t\t<\/div>\n\t\t\t<div class=\"mil-overlay mil-with-bg mil-text-center\">\n\t\t\t\t<div class=\"mil-description\">\n\t\t\t\t\t\t\t\t\t\t<!-- name -->\n\t\t\t\t\t<h5>\n\t\t\t\t\t\t<span >\n\t\t\t\t\t\t\tBEN VE LEKE TEDAV\u0130S\u0130\t\t\t\t\t\t<\/span>\n\t\t\t\t\t<\/h5>\n\t\t\t\t\t\t\t\t\t\t\t\t\t\t<\/div>\n\t\t\t<\/div>\n\t\t<\/div>\n\t\t<!-- team card end -->\n\n\t\t\t\t\t\t<\/div>\n\t\t\t\t<\/div>\n\t\t\t\t\t<\/div>\n\t\t<\/div>\n\t\t\t\t<div class=\"elementor-column elementor-col-12 elementor-inner-column elementor-element elementor-element-30ffb8c\" data-id=\"30ffb8c\" data-element_type=\"column\">\n\t\t\t<div class=\"elementor-widget-wrap elementor-element-populated\">\n\t\t\t\t\t\t<div class=\"elementor-element elementor-element-741ecaf elementor-widget elementor-widget-lettery-team\" data-id=\"741ecaf\" data-element_type=\"widget\" data-widget_type=\"lettery-team.default\">\n\t\t\t\t<div class=\"elementor-widget-container\">\n\t\t\t\t\t\n\t\t<!-- team card -->\n\t\t<div class=\"mil-card-1 mil-appearance mil-mb-10\">\n\t\t\t<div class=\"mil-cover mil-square\">\n\t\t\t\t\t\t\t\t<div class=\"mil-image-frame\">\n\t\t\t\t\t<!-- portrait -->\n\t\t\t\t\t\t\t\t\t\t\t<a data-no-swup href=\"https:\/\/www.erdesaglik.com\/index.php\/botox\/\" class=\"mil-icon-2-trigger\">\n\t\t\t\t\t\t\t\t\t\t\t<img decoding=\"async\" src=\"https:\/\/www.erdesaglik.com\/wp-content\/uploads\/2025\/02\/botox-1.jpg\" alt=\"BOTOX\" style=\"object-position: top\" \/>\n\t\t\t\t\t\t\t\t\t\t\t<\/a>\n\t\t\t\t\t\t\t\t\t<\/div>\n\t\t\t\t\t\t\t<\/div>\n\t\t\t<div class=\"mil-overlay mil-with-bg mil-text-center\">\n\t\t\t\t<div class=\"mil-description\">\n\t\t\t\t\t\t\t\t\t\t<!-- name -->\n\t\t\t\t\t<h5>\n\t\t\t\t\t\t<span >\n\t\t\t\t\t\t\tBOTOX\t\t\t\t\t\t<\/span>\n\t\t\t\t\t<\/h5>\n\t\t\t\t\t\t\t\t\t\t\t\t\t\t<\/div>\n\t\t\t<\/div>\n\t\t<\/div>\n\t\t<!-- team card end -->\n\n\t\t\t\t\t\t<\/div>\n\t\t\t\t<\/div>\n\t\t\t\t\t<\/div>\n\t\t<\/div>\n\t\t\t\t<div class=\"elementor-column elementor-col-12 elementor-inner-column elementor-element elementor-element-feb72ba\" data-id=\"feb72ba\" data-element_type=\"column\">\n\t\t\t<div class=\"elementor-widget-wrap elementor-element-populated\">\n\t\t\t\t\t\t<div class=\"elementor-element elementor-element-08ee035 elementor-widget elementor-widget-lettery-team\" data-id=\"08ee035\" data-element_type=\"widget\" data-widget_type=\"lettery-team.default\">\n\t\t\t\t<div class=\"elementor-widget-container\">\n\t\t\t\t\t\n\t\t<!-- team card -->\n\t\t<div class=\"mil-card-1 mil-appearance mil-mb-10\">\n\t\t\t<div class=\"mil-cover mil-square\">\n\t\t\t\t\t\t\t\t<div class=\"mil-image-frame\">\n\t\t\t\t\t<!-- portrait -->\n\t\t\t\t\t\t\t\t\t\t\t<a data-no-swup href=\"https:\/\/www.erdesaglik.com\/index.php\/dovme-silme\/\" class=\"mil-icon-2-trigger\">\n\t\t\t\t\t\t\t\t\t\t\t<img decoding=\"async\" src=\"https:\/\/www.erdesaglik.com\/wp-content\/uploads\/2025\/02\/dovme-silme.jpg\" alt=\"D\u00d6VME S\u0130LME\" style=\"object-position: top\" \/>\n\t\t\t\t\t\t\t\t\t\t\t<\/a>\n\t\t\t\t\t\t\t\t\t<\/div>\n\t\t\t\t\t\t\t<\/div>\n\t\t\t<div class=\"mil-overlay mil-with-bg mil-text-center\">\n\t\t\t\t<div class=\"mil-description\">\n\t\t\t\t\t\t\t\t\t\t<!-- name -->\n\t\t\t\t\t<h5>\n\t\t\t\t\t\t<span >\n\t\t\t\t\t\t\tD\u00d6VME S\u0130LME\t\t\t\t\t\t<\/span>\n\t\t\t\t\t<\/h5>\n\t\t\t\t\t\t\t\t\t\t\t\t\t\t<\/div>\n\t\t\t<\/div>\n\t\t<\/div>\n\t\t<!-- team card end -->\n\n\t\t\t\t\t\t<\/div>\n\t\t\t\t<\/div>\n\t\t\t\t\t<\/div>\n\t\t<\/div>\n\t\t\t\t<div class=\"elementor-column elementor-col-12 elementor-inner-column elementor-element elementor-element-4e3229d\" data-id=\"4e3229d\" data-element_type=\"column\">\n\t\t\t<div class=\"elementor-widget-wrap elementor-element-populated\">\n\t\t\t\t\t\t<div class=\"elementor-element elementor-element-c425c84 elementor-widget elementor-widget-lettery-team\" data-id=\"c425c84\" data-element_type=\"widget\" data-widget_type=\"lettery-team.default\">\n\t\t\t\t<div class=\"elementor-widget-container\">\n\t\t\t\t\t\n\t\t<!-- team card -->\n\t\t<div class=\"mil-card-1 mil-appearance mil-mb-10\">\n\t\t\t<div class=\"mil-cover mil-square\">\n\t\t\t\t\t\t\t\t<div class=\"mil-image-frame\">\n\t\t\t\t\t<!-- portrait -->\n\t\t\t\t\t\t\t\t\t\t\t<a data-no-swup href=\"https:\/\/www.erdesaglik.com\/index.php\/kalici-makyaj\/\" class=\"mil-icon-2-trigger\">\n\t\t\t\t\t\t\t\t\t\t\t<img decoding=\"async\" src=\"https:\/\/www.erdesaglik.com\/wp-content\/uploads\/2025\/02\/kalici-makyaj.jpg\" alt=\"KALICI MAKYAJ\" style=\"object-position: top\" \/>\n\t\t\t\t\t\t\t\t\t\t\t<\/a>\n\t\t\t\t\t\t\t\t\t<\/div>\n\t\t\t\t\t\t\t<\/div>\n\t\t\t<div class=\"mil-overlay mil-with-bg mil-text-center\">\n\t\t\t\t<div class=\"mil-description\">\n\t\t\t\t\t\t\t\t\t\t<!-- name -->\n\t\t\t\t\t<h5>\n\t\t\t\t\t\t<span >\n\t\t\t\t\t\t\tKALICI MAKYAJ\t\t\t\t\t\t<\/span>\n\t\t\t\t\t<\/h5>\n\t\t\t\t\t\t\t\t\t\t\t\t\t\t<\/div>\n\t\t\t<\/div>\n\t\t<\/div>\n\t\t<!-- team card end -->\n\n\t\t\t\t\t\t<\/div>\n\t\t\t\t<\/div>\n\t\t\t\t\t<\/div>\n\t\t<\/div>\n\t\t\t\t\t<\/div>\n\t\t<\/section>\n\t\t\t\t\t<\/div>\n\t\t<\/div>\n\t\t\t\t\t<\/div>\n\t\t<\/section>\n\t\t\t\t<section class=\"elementor-section elementor-top-section elementor-element elementor-element-95c43c5 elementor-section-boxed elementor-section-height-default elementor-section-height-default\" data-id=\"95c43c5\" data-element_type=\"section\" data-settings=\"{&quot;background_background&quot;:&quot;classic&quot;}\">\n\t\t\t\t\t\t\t<div class=\"elementor-background-overlay\"><\/div>\n\t\t\t\t\t\t\t<div class=\"elementor-container elementor-column-gap-default\">\n\t\t\t\t\t<div class=\"elementor-column elementor-col-50 elementor-top-column elementor-element elementor-element-1346b96\" data-id=\"1346b96\" data-element_type=\"column\">\n\t\t\t<div class=\"elementor-widget-wrap elementor-element-populated\">\n\t\t\t\t\t\t<div class=\"elementor-element elementor-element-6886ebd elementor-widget elementor-widget-lettery-about-us\" data-id=\"6886ebd\" data-element_type=\"widget\" data-widget_type=\"lettery-about-us.default\">\n\t\t\t\t<div class=\"elementor-widget-container\">\n\t\t\t\t\t\n\t\t\t\t<span class=\"mil-link mil-accent mil-appearance mil-mb-30\">\n\t\t\t<span >\n\t\t\t\t\u015eimdi Bize Ula\u015f\u0131n\t\t\t<\/span>\n\t\t<\/span>\n\t\t\n\t\t\t\t<h3 class=\"mil-h3 mil-title-el mil-appearance mil-mb-30\">\n\t\t\t<span >\n\t\t\t\tDetayl\u0131 Bilgi Almak \u0130\u00e7in\t\t\t<\/span>\n\t\t<\/h3>\n\t\t\n\t\t\t\t\t\t<\/div>\n\t\t\t\t<\/div>\n\t\t\t\t<div class=\"elementor-element elementor-element-7c964b3 elementor-widget elementor-widget-lettery-cf7-form\" data-id=\"7c964b3\" data-element_type=\"widget\" data-widget_type=\"lettery-cf7-form.default\">\n\t\t\t\t<div class=\"elementor-widget-container\">\n\t\t\t\t\t\n\t\t\n<div class=\"wpcf7 no-js\" id=\"wpcf7-f1534-o1\" lang=\"en-US\" dir=\"ltr\" data-wpcf7-id=\"1534\">\n<div class=\"screen-reader-response\"><p role=\"status\" aria-live=\"polite\" aria-atomic=\"true\"><\/p> <ul><\/ul><\/div>\n<form action=\"\/index.php\/wp-json\/wp\/v2\/pages\/1848#wpcf7-f1534-o1\" method=\"post\" class=\"wpcf7-form init\" aria-label=\"Contact form\" novalidate=\"novalidate\" data-status=\"init\">\n<div style=\"display: none;\">\n<input type=\"hidden\" name=\"_wpcf7\" value=\"1534\" \/>\n<input type=\"hidden\" name=\"_wpcf7_version\" value=\"6.0.3\" \/>\n<input type=\"hidden\" name=\"_wpcf7_locale\" value=\"en_US\" \/>\n<input type=\"hidden\" name=\"_wpcf7_unit_tag\" value=\"wpcf7-f1534-o1\" \/>\n<input type=\"hidden\" name=\"_wpcf7_container_post\" value=\"0\" \/>\n<input type=\"hidden\" name=\"_wpcf7_posted_data_hash\" value=\"\" \/>\n<\/div>\n<div class=\"row align-items-center\">\n <div class=\"col-lg-6\">\n  <div class=\"mil-styled-input mil-appearance mil-hidden-trigger mil-mb-30\">\n   <span class=\"wpcf7-form-control-wrap\" data-name=\"cf_name\"><input size=\"40\" maxlength=\"400\" class=\"wpcf7-form-control wpcf7-text wpcf7-validates-as-required mil-link\" aria-required=\"true\" aria-invalid=\"false\" value=\"\" type=\"text\" name=\"cf_name\" \/><\/span>\n   <label class=\"mil-link\">Ad\u0131n\u0131z<\/label>\n  <\/div>\n <\/div>\n <div class=\"col-lg-6\">\n  <div class=\"mil-styled-input mil-appearance mil-hidden-trigger mil-mb-30\">\n   <span class=\"wpcf7-form-control-wrap\" data-name=\"cf_email\"><input size=\"40\" maxlength=\"400\" class=\"wpcf7-form-control wpcf7-email wpcf7-validates-as-required wpcf7-text wpcf7-validates-as-email mil-link\" aria-required=\"true\" aria-invalid=\"false\" value=\"\" type=\"email\" name=\"cf_email\" \/><\/span>\n   <label class=\"mil-link\">Mail Adresiniz*<\/label>\n  <\/div>\n <\/div>\n <div class=\"col-lg-12\">\n  <div class=\"mil-styled-input mil-appearance mil-hidden-trigger mil-mb-30\">\n   <span class=\"wpcf7-form-control-wrap\" data-name=\"cf_text\"><textarea cols=\"40\" rows=\"10\" maxlength=\"2000\" class=\"wpcf7-form-control wpcf7-textarea wpcf7-validates-as-required mil-link\" aria-required=\"true\" aria-invalid=\"false\" name=\"cf_text\"><\/textarea><\/span>\n   <label class=\"mil-link\">Mesaj\u0131n\u0131z<\/label>\n  <\/div>\n <\/div>\n <div class=\"col-lg-6\">\n  <button type=\"submit\" class=\"mil-float-right mil-button mil-button-lg mil-scale-down-trigger mil-dark-trigger mil-mb-30\">\n   <span>G\u00f6nder<\/span>\n  <\/button>\n <\/div>\n<\/div><div class=\"wpcf7-response-output\" aria-hidden=\"true\"><\/div>\n<\/form>\n<\/div>\n\n\t\t\t\t\t\t<\/div>\n\t\t\t\t<\/div>\n\t\t\t\t\t<\/div>\n\t\t<\/div>\n\t\t\t\t<div class=\"elementor-column elementor-col-50 elementor-top-column elementor-element elementor-element-5d65ce4\" data-id=\"5d65ce4\" data-element_type=\"column\">\n\t\t\t<div class=\"elementor-widget-wrap elementor-element-populated\">\n\t\t\t\t\t\t<div class=\"elementor-element elementor-element-220fd4a elementor-widget elementor-widget-google_maps\" data-id=\"220fd4a\" data-element_type=\"widget\" data-widget_type=\"google_maps.default\">\n\t\t\t\t<div class=\"elementor-widget-container\">\n\t\t\t\t\t\t\t<div class=\"elementor-custom-embed\">\n\t\t\t<iframe loading=\"lazy\"\n\t\t\t\t\tsrc=\"https:\/\/maps.google.com\/maps?q=K%C3%9C%C3%87%C3%9CKBAKKALK%C3%96Y%20MAH.%20%C5%9EENL%C4%B0K%20SK.%20NO%3A9%2F6%20ATA%C5%9EEH%C4%B0R%2F%C4%B0STANBUL&#038;t=m&#038;z=11&#038;output=embed&#038;iwloc=near\"\n\t\t\t\t\ttitle=\"K\u00dc\u00c7\u00dcKBAKKALK\u00d6Y MAH. \u015eENL\u0130K SK. NO:9\/6 ATA\u015eEH\u0130R\/\u0130STANBUL\"\n\t\t\t\t\taria-label=\"K\u00dc\u00c7\u00dcKBAKKALK\u00d6Y MAH. \u015eENL\u0130K SK. NO:9\/6 ATA\u015eEH\u0130R\/\u0130STANBUL\"\n\t\t\t><\/iframe>\n\t\t<\/div>\n\t\t\t\t\t\t<\/div>\n\t\t\t\t<\/div>\n\t\t\t\t\t<\/div>\n\t\t<\/div>\n\t\t\t\t\t<\/div>\n\t\t<\/section>\n\t\t\t\t<\/div>\n\t\t","protected":false},"excerpt":{"rendered":"<p>Y\u0131llar\u0131n Verdi\u011fi Tecr\u00fcbe BOTOX, Y\u00dcZ VE DUDAK DOLGUSU Tazeli\u011fi Cildinizde Hissedin PRP &amp; MEZOTERAP\u0130 UYGULAMALAR PRP MEZOTERAP\u0130 SA\u00c7 EK\u0130M\u0130 C\u0130LT.. <span class=\"mil-el-more\"><a href=\"https:\/\/www.erdesaglik.com\/\" class=\"mil-button mil-button-lg\"><span>Read more<\/span><\/a><\/span><\/p>\n","protected":false},"author":1,"featured_media":0,"parent":0,"menu_order":0,"comment_status":"closed","ping_status":"closed","template":"template-layout-builder.php","meta":{"_acf_changed":false,"footnotes":""},"class_list":["post-1848","page","type-page","status-publish","hentry"],"acf":[],"_links":{"self":[{"href":"https:\/\/www.erdesaglik.com\/index.php\/wp-json\/wp\/v2\/pages\/1848","targetHints":{"allow":["GET"]}}],"collection":[{"href":"https:\/\/www.erdesaglik.com\/index.php\/wp-json\/wp\/v2\/pages"}],"about":[{"href":"https:\/\/www.erdesaglik.com\/index.php\/wp-json\/wp\/v2\/types\/page"}],"author":[{"embeddable":true,"href":"https:\/\/www.erdesaglik.com\/index.php\/wp-json\/wp\/v2\/users\/1"}],"replies":[{"embeddable":true,"href":"https:\/\/www.erdesaglik.com\/index.php\/wp-json\/wp\/v2\/comments?post=1848"}],"version-history":[{"count":115,"href":"https:\/\/www.erdesaglik.com\/index.php\/wp-json\/wp\/v2\/pages\/1848\/revisions"}],"predecessor-version":[{"id":2440,"href":"https:\/\/www.erdesaglik.com\/index.php\/wp-json\/wp\/v2\/pages\/1848\/revisions\/2440"}],"wp:attachment":[{"href":"https:\/\/www.erdesaglik.com\/index.php\/wp-json\/wp\/v2\/media?parent=1848"}],"curies":[{"name":"wp","href":"https:\/\/api.w.org\/{rel}","templated":true}]}}