{"id":1505,"date":"2023-08-02T02:55:16","date_gmt":"2023-08-02T02:55:16","guid":{"rendered":"http:\/\/localhost:8888\/?page_id=1505"},"modified":"2025-02-05T17:00:38","modified_gmt":"2025-02-05T14:00:38","slug":"iletisim","status":"publish","type":"page","link":"https:\/\/www.erdesaglik.com\/index.php\/iletisim\/","title":{"rendered":"\u0130leti\u015fim"},"content":{"rendered":"\t\t<div data-elementor-type=\"wp-page\" data-elementor-id=\"1505\" class=\"elementor elementor-1505\">\n\t\t\t\t\t\t<section class=\"elementor-section elementor-top-section elementor-element elementor-element-616d2a2 elementor-section-full_width elementor-section-height-default elementor-section-height-default\" data-id=\"616d2a2\" data-element_type=\"section\">\n\t\t\t\t\t\t<div class=\"elementor-container elementor-column-gap-no\">\n\t\t\t\t\t<div class=\"elementor-column elementor-col-100 elementor-top-column elementor-element elementor-element-98ac30a\" data-id=\"98ac30a\" data-element_type=\"column\">\n\t\t\t<div class=\"elementor-widget-wrap elementor-element-populated\">\n\t\t\t\t\t\t<div class=\"elementor-element elementor-element-94ffd4d elementor-widget elementor-widget-lettery-intro\" data-id=\"94ffd4d\" data-element_type=\"widget\" data-widget_type=\"lettery-intro.default\">\n\t\t\t\t<div class=\"elementor-widget-container\">\n\t\t\t\t\t\n\t\t<!-- intro -->\n\t\t<div class=\"mil-small-banner\">\n\t\t\t<div class=\"mil-image-frame\">\n\t\t\t\t<!-- banner image -->\n\t\t\t\t\t\t\t\t<img decoding=\"async\" src=\"https:\/\/www.erdesaglik.com\/wp-content\/uploads\/2025\/02\/hospital-background-8uzvaaj1wielv1ca.jpg\" alt=\"\" class=\"mil-scale-img\" data-value-1=\".5\" data-value-2=\"1.2\" \/>\n\t\t\t\t\t\t\t\t<div class=\"mil-gradient-overlay-reverse\"><\/div>\n\t\t\t<\/div>\n\t\t<\/div>\n\n\t\t<div class=\"mil-spacer\"><\/div>\n\t\t<!-- intro end -->\n\n\t\t\t\t\t\t<\/div>\n\t\t\t\t<\/div>\n\t\t\t\t\t<\/div>\n\t\t<\/div>\n\t\t\t\t\t<\/div>\n\t\t<\/section>\n\t\t\t\t<section class=\"elementor-section elementor-top-section elementor-element elementor-element-87ffa3c elementor-section-boxed elementor-section-height-default elementor-section-height-default\" data-id=\"87ffa3c\" data-element_type=\"section\">\n\t\t\t\t\t\t<div class=\"elementor-container elementor-column-gap-no\">\n\t\t\t\t\t<div class=\"elementor-column elementor-col-100 elementor-top-column elementor-element elementor-element-320b005\" data-id=\"320b005\" data-element_type=\"column\">\n\t\t\t<div class=\"elementor-widget-wrap elementor-element-populated\">\n\t\t\t\t\t\t<section class=\"elementor-section elementor-inner-section elementor-element elementor-element-6be581b elementor-section-full_width elementor-section-height-default elementor-section-height-default\" data-id=\"6be581b\" data-element_type=\"section\">\n\t\t\t\t\t\t<div class=\"elementor-container elementor-column-gap-default\">\n\t\t\t\t\t<div class=\"elementor-column elementor-col-33 elementor-inner-column elementor-element elementor-element-8b6b09a\" data-id=\"8b6b09a\" data-element_type=\"column\">\n\t\t\t<div class=\"elementor-widget-wrap elementor-element-populated\">\n\t\t\t\t\t\t<div class=\"elementor-element elementor-element-66eff97 elementor-widget elementor-widget-image\" data-id=\"66eff97\" data-element_type=\"widget\" data-widget_type=\"image.default\">\n\t\t\t\t<div class=\"elementor-widget-container\">\n\t\t\t\t\t\t\t\t\t\t\t\t\t\t\t<img fetchpriority=\"high\" decoding=\"async\" width=\"900\" height=\"506\" src=\"https:\/\/www.erdesaglik.com\/wp-content\/uploads\/2025\/02\/20180416_150358-1024x576.jpg\" class=\"attachment-large size-large wp-image-2252\" alt=\"\" srcset=\"https:\/\/www.erdesaglik.com\/wp-content\/uploads\/2025\/02\/20180416_150358-1024x576.jpg 1024w, https:\/\/www.erdesaglik.com\/wp-content\/uploads\/2025\/02\/20180416_150358-300x169.jpg 300w, https:\/\/www.erdesaglik.com\/wp-content\/uploads\/2025\/02\/20180416_150358-768x432.jpg 768w, https:\/\/www.erdesaglik.com\/wp-content\/uploads\/2025\/02\/20180416_150358-950x534.jpg 950w, https:\/\/www.erdesaglik.com\/wp-content\/uploads\/2025\/02\/20180416_150358.jpg 1360w\" sizes=\"(max-width: 900px) 100vw, 900px\" \/>\t\t\t\t\t\t\t\t\t\t\t\t\t\t\t<\/div>\n\t\t\t\t<\/div>\n\t\t\t\t<div class=\"elementor-element elementor-element-32c7a88 elementor-hidden-desktop elementor-hidden-tablet elementor-widget elementor-widget-lettery-about-us\" data-id=\"32c7a88\" data-element_type=\"widget\" data-widget_type=\"lettery-about-us.default\">\n\t\t\t\t<div class=\"elementor-widget-container\">\n\t\t\t\t\t\n\t\t\n\t\t\t\t<h3 class=\"mil-h3 mil-title-el mil-appearance mil-mb-30\">\n\t\t\t<span >\n\t\t\t\tLONDRA \u015eUBEM\u0130Z\t\t\t<\/span>\n\t\t<\/h3>\n\t\t\n\t\t\t\t\t\t<\/div>\n\t\t\t\t<\/div>\n\t\t\t\t<div class=\"elementor-element elementor-element-2801d42 elementor-hidden-desktop elementor-hidden-tablet elementor-widget elementor-widget-text-editor\" data-id=\"2801d42\" data-element_type=\"widget\" data-widget_type=\"text-editor.default\">\n\t\t\t\t<div class=\"elementor-widget-container\">\n\t\t\t\t\t\t\t\t\t<p>116 Brownlow Road, London, England Healthist Health Consultancy LTD.<\/p>\t\t\t\t\t\t\t\t<\/div>\n\t\t\t\t<\/div>\n\t\t\t\t<div class=\"elementor-element elementor-element-7ec0140 elementor-widget elementor-widget-image\" data-id=\"7ec0140\" data-element_type=\"widget\" data-widget_type=\"image.default\">\n\t\t\t\t<div class=\"elementor-widget-container\">\n\t\t\t\t\t\t\t\t\t\t\t\t\t\t\t<img decoding=\"async\" width=\"900\" height=\"599\" src=\"https:\/\/www.erdesaglik.com\/wp-content\/uploads\/2025\/02\/twilight-in-london-2022-04-26-01-51-42-utc-1024x682.jpg\" class=\"attachment-large size-large wp-image-2218\" alt=\"\" srcset=\"https:\/\/www.erdesaglik.com\/wp-content\/uploads\/2025\/02\/twilight-in-london-2022-04-26-01-51-42-utc-1024x682.jpg 1024w, https:\/\/www.erdesaglik.com\/wp-content\/uploads\/2025\/02\/twilight-in-london-2022-04-26-01-51-42-utc-300x200.jpg 300w, https:\/\/www.erdesaglik.com\/wp-content\/uploads\/2025\/02\/twilight-in-london-2022-04-26-01-51-42-utc-768x511.jpg 768w, https:\/\/www.erdesaglik.com\/wp-content\/uploads\/2025\/02\/twilight-in-london-2022-04-26-01-51-42-utc-1536x1022.jpg 1536w, https:\/\/www.erdesaglik.com\/wp-content\/uploads\/2025\/02\/twilight-in-london-2022-04-26-01-51-42-utc-2048x1363.jpg 2048w, https:\/\/www.erdesaglik.com\/wp-content\/uploads\/2025\/02\/twilight-in-london-2022-04-26-01-51-42-utc-950x632.jpg 950w, https:\/\/www.erdesaglik.com\/wp-content\/uploads\/2025\/02\/twilight-in-london-2022-04-26-01-51-42-utc-1920x1278.jpg 1920w\" sizes=\"(max-width: 900px) 100vw, 900px\" \/>\t\t\t\t\t\t\t\t\t\t\t\t\t\t\t<\/div>\n\t\t\t\t<\/div>\n\t\t\t\t<div class=\"elementor-element elementor-element-8106347 elementor-widget__width-initial elementor-hidden-desktop elementor-hidden-tablet elementor-widget elementor-widget-lettery-about-us\" data-id=\"8106347\" data-element_type=\"widget\" data-widget_type=\"lettery-about-us.default\">\n\t\t\t\t<div class=\"elementor-widget-container\">\n\t\t\t\t\t\n\t\t\n\t\t\t\t<h3 class=\"mil-h3 mil-title-el mil-appearance mil-mb-30\">\n\t\t\t<span >\n\t\t\t\tATA\u015eEH\u0130R \u015eUBEM\u0130Z\t\t\t<\/span>\n\t\t<\/h3>\n\t\t\n\t\t\t\t\t\t<\/div>\n\t\t\t\t<\/div>\n\t\t\t\t<div class=\"elementor-element elementor-element-3c20eb1 elementor-hidden-desktop elementor-hidden-tablet elementor-widget elementor-widget-text-editor\" data-id=\"3c20eb1\" data-element_type=\"widget\" data-widget_type=\"text-editor.default\">\n\t\t\t\t<div class=\"elementor-widget-container\">\n\t\t\t\t\t\t\t\t\t<p>K\u00fc\u00e7\u00fckbakkalk\u00f6y Mah. \u015eenli\u0307k Sk. No:9\/6 Ata\u015fehi\u0307r \/ Istanbul<\/p>\t\t\t\t\t\t\t\t<\/div>\n\t\t\t\t<\/div>\n\t\t\t\t\t<\/div>\n\t\t<\/div>\n\t\t\t\t<div class=\"elementor-column elementor-col-33 elementor-inner-column elementor-element elementor-element-8ac1595\" data-id=\"8ac1595\" data-element_type=\"column\">\n\t\t\t<div class=\"elementor-widget-wrap elementor-element-populated\">\n\t\t\t\t\t\t<div class=\"elementor-element elementor-element-ff968be elementor-widget__width-initial elementor-hidden-mobile elementor-widget elementor-widget-lettery-about-us\" data-id=\"ff968be\" data-element_type=\"widget\" data-widget_type=\"lettery-about-us.default\">\n\t\t\t\t<div class=\"elementor-widget-container\">\n\t\t\t\t\t\n\t\t\n\t\t\t\t<h3 class=\"mil-h3 mil-title-el mil-appearance mil-mb-30\">\n\t\t\t<span >\n\t\t\t\tATA\u015eEH\u0130R\t\t\t<\/span>\n\t\t<\/h3>\n\t\t\n\t\t\t\t\t\t<\/div>\n\t\t\t\t<\/div>\n\t\t\t\t<div class=\"elementor-element elementor-element-0d02d33 elementor-hidden-mobile elementor-widget__width-initial elementor-widget elementor-widget-text-editor\" data-id=\"0d02d33\" data-element_type=\"widget\" data-widget_type=\"text-editor.default\">\n\t\t\t\t<div class=\"elementor-widget-container\">\n\t\t\t\t\t\t\t\t\t<p>K\u00fc\u00e7\u00fckbakkalk\u00f6y Mah. \u015eenli\u0307k Sk. No: 9<\/p><p>Ata\u015fehi\u0307r \/ Istanbul<\/p>\t\t\t\t\t\t\t\t<\/div>\n\t\t\t\t<\/div>\n\t\t\t\t<div class=\"elementor-element elementor-element-3fd01be elementor-icon-list--layout-traditional elementor-list-item-link-full_width elementor-widget elementor-widget-icon-list\" data-id=\"3fd01be\" data-element_type=\"widget\" data-widget_type=\"icon-list.default\">\n\t\t\t\t<div class=\"elementor-widget-container\">\n\t\t\t\t\t\t\t<ul class=\"elementor-icon-list-items\">\n\t\t\t\t\t\t\t<li class=\"elementor-icon-list-item\">\n\t\t\t\t\t\t\t\t\t\t\t<span class=\"elementor-icon-list-icon\">\n\t\t\t\t\t\t\t<svg aria-hidden=\"true\" class=\"e-font-icon-svg e-fas-phone-alt\" viewBox=\"0 0 512 512\" xmlns=\"http:\/\/www.w3.org\/2000\/svg\"><path d=\"M497.39 361.8l-112-48a24 24 0 0 0-28 6.9l-49.6 60.6A370.66 370.66 0 0 1 130.6 204.11l60.6-49.6a23.94 23.94 0 0 0 6.9-28l-48-112A24.16 24.16 0 0 0 122.6.61l-104 24A24 24 0 0 0 0 48c0 256.5 207.9 464 464 464a24 24 0 0 0 23.4-18.6l24-104a24.29 24.29 0 0 0-14.01-27.6z\"><\/path><\/svg>\t\t\t\t\t\t<\/span>\n\t\t\t\t\t\t\t\t\t\t<span class=\"elementor-icon-list-text\">+90 (216) 683 23 13<\/span>\n\t\t\t\t\t\t\t\t\t<\/li>\n\t\t\t\t\t\t<\/ul>\n\t\t\t\t\t\t<\/div>\n\t\t\t\t<\/div>\n\t\t\t\t<div class=\"elementor-element elementor-element-5401ac6 elementor-hidden-mobile elementor-widget__width-initial elementor-widget elementor-widget-lettery-about-us\" data-id=\"5401ac6\" data-element_type=\"widget\" data-widget_type=\"lettery-about-us.default\">\n\t\t\t\t<div class=\"elementor-widget-container\">\n\t\t\t\t\t\n\t\t\n\t\t\t\t<h3 class=\"mil-h3 mil-title-el mil-appearance mil-mb-30\">\n\t\t\t<span >\n\t\t\t\tLONDRA\t\t\t<\/span>\n\t\t<\/h3>\n\t\t\n\t\t\t\t\t\t<\/div>\n\t\t\t\t<\/div>\n\t\t\t\t<div class=\"elementor-element elementor-element-13aa7dd elementor-hidden-mobile elementor-widget elementor-widget-text-editor\" data-id=\"13aa7dd\" data-element_type=\"widget\" data-widget_type=\"text-editor.default\">\n\t\t\t\t<div class=\"elementor-widget-container\">\n\t\t\t\t\t\t\t\t\t<p>Healthist Health <br \/>116 Brownlow Road, London, England Consultancy LTD.<\/p>\t\t\t\t\t\t\t\t<\/div>\n\t\t\t\t<\/div>\n\t\t\t\t\t<\/div>\n\t\t<\/div>\n\t\t\t\t<div class=\"elementor-column elementor-col-33 elementor-inner-column elementor-element elementor-element-7f534f3\" data-id=\"7f534f3\" data-element_type=\"column\">\n\t\t\t<div class=\"elementor-widget-wrap elementor-element-populated\">\n\t\t\t\t\t\t<div class=\"elementor-element elementor-element-ef929a1 elementor-widget elementor-widget-lettery-about-us\" data-id=\"ef929a1\" data-element_type=\"widget\" data-widget_type=\"lettery-about-us.default\">\n\t\t\t\t<div class=\"elementor-widget-container\">\n\t\t\t\t\t\n\t\t\t\t<span class=\"mil-link mil-accent mil-appearance mil-mb-30\">\n\t\t\t<span >\n\t\t\t\tErde Sa\u011fl\u0131k\t\t\t<\/span>\n\t\t<\/span>\n\t\t\n\t\t\t\t<h3 class=\"mil-h3 mil-title-el mil-appearance mil-mb-30\">\n\t\t\t<span >\n\t\t\t\t\u0130LET\u0130\u015e\u0130M\t\t\t<\/span>\n\t\t<\/h3>\n\t\t\n\t\t\t\t\t\t<\/div>\n\t\t\t\t<\/div>\n\t\t\t\t<div class=\"elementor-element elementor-element-d00d084 elementor-widget elementor-widget-text-editor\" data-id=\"d00d084\" data-element_type=\"widget\" data-widget_type=\"text-editor.default\">\n\t\t\t\t<div class=\"elementor-widget-container\">\n\t\t\t\t\t\t\t\t\t<p>Detayl\u0131 bilgi almak i\u00e7in \u015fimdi bize ula\u015f\u0131n.<\/p>\t\t\t\t\t\t\t\t<\/div>\n\t\t\t\t<\/div>\n\t\t\t\t<div class=\"elementor-element elementor-element-eb746d7 elementor-widget elementor-widget-lettery-cf7-form\" data-id=\"eb746d7\" data-element_type=\"widget\" data-widget_type=\"lettery-cf7-form.default\">\n\t\t\t\t<div class=\"elementor-widget-container\">\n\t\t\t\t\t\n\t\t\n<div class=\"wpcf7 no-js\" id=\"wpcf7-f1534-o1\" lang=\"en-US\" dir=\"ltr\" data-wpcf7-id=\"1534\">\n<div class=\"screen-reader-response\"><p role=\"status\" aria-live=\"polite\" aria-atomic=\"true\"><\/p> <ul><\/ul><\/div>\n<form action=\"\/index.php\/wp-json\/wp\/v2\/pages\/1505#wpcf7-f1534-o1\" method=\"post\" class=\"wpcf7-form init\" aria-label=\"Contact form\" novalidate=\"novalidate\" data-status=\"init\">\n<div style=\"display: none;\">\n<input type=\"hidden\" name=\"_wpcf7\" value=\"1534\" \/>\n<input type=\"hidden\" name=\"_wpcf7_version\" value=\"6.0.3\" \/>\n<input type=\"hidden\" name=\"_wpcf7_locale\" value=\"en_US\" \/>\n<input type=\"hidden\" name=\"_wpcf7_unit_tag\" value=\"wpcf7-f1534-o1\" \/>\n<input type=\"hidden\" name=\"_wpcf7_container_post\" value=\"0\" \/>\n<input type=\"hidden\" name=\"_wpcf7_posted_data_hash\" value=\"\" \/>\n<\/div>\n<div class=\"row align-items-center\">\n <div class=\"col-lg-6\">\n  <div class=\"mil-styled-input mil-appearance mil-hidden-trigger mil-mb-30\">\n   <span class=\"wpcf7-form-control-wrap\" data-name=\"cf_name\"><input size=\"40\" maxlength=\"400\" class=\"wpcf7-form-control wpcf7-text wpcf7-validates-as-required mil-link\" aria-required=\"true\" aria-invalid=\"false\" value=\"\" type=\"text\" name=\"cf_name\" \/><\/span>\n   <label class=\"mil-link\">Ad\u0131n\u0131z<\/label>\n  <\/div>\n <\/div>\n <div class=\"col-lg-6\">\n  <div class=\"mil-styled-input mil-appearance mil-hidden-trigger mil-mb-30\">\n   <span class=\"wpcf7-form-control-wrap\" data-name=\"cf_email\"><input size=\"40\" maxlength=\"400\" class=\"wpcf7-form-control wpcf7-email wpcf7-validates-as-required wpcf7-text wpcf7-validates-as-email mil-link\" aria-required=\"true\" aria-invalid=\"false\" value=\"\" type=\"email\" name=\"cf_email\" \/><\/span>\n   <label class=\"mil-link\">Mail Adresiniz*<\/label>\n  <\/div>\n <\/div>\n <div class=\"col-lg-12\">\n  <div class=\"mil-styled-input mil-appearance mil-hidden-trigger mil-mb-30\">\n   <span class=\"wpcf7-form-control-wrap\" data-name=\"cf_text\"><textarea cols=\"40\" rows=\"10\" maxlength=\"2000\" class=\"wpcf7-form-control wpcf7-textarea wpcf7-validates-as-required mil-link\" aria-required=\"true\" aria-invalid=\"false\" name=\"cf_text\"><\/textarea><\/span>\n   <label class=\"mil-link\">Mesaj\u0131n\u0131z<\/label>\n  <\/div>\n <\/div>\n <div class=\"col-lg-6\">\n  <button type=\"submit\" class=\"mil-float-right mil-button mil-button-lg mil-scale-down-trigger mil-dark-trigger mil-mb-30\">\n   <span>G\u00f6nder<\/span>\n  <\/button>\n <\/div>\n<\/div><div class=\"wpcf7-response-output\" aria-hidden=\"true\"><\/div>\n<\/form>\n<\/div>\n\n\t\t\t\t\t\t<\/div>\n\t\t\t\t<\/div>\n\t\t\t\t\t<\/div>\n\t\t<\/div>\n\t\t\t\t\t<\/div>\n\t\t<\/section>\n\t\t\t\t\t<\/div>\n\t\t<\/div>\n\t\t\t\t\t<\/div>\n\t\t<\/section>\n\t\t\t\t<\/div>\n\t\t","protected":false},"excerpt":{"rendered":"<p>LONDRA \u015eUBEM\u0130Z 116 Brownlow Road, London, England Healthist Health Consultancy LTD. ATA\u015eEH\u0130R \u015eUBEM\u0130Z K\u00fc\u00e7\u00fckbakkalk\u00f6y Mah. \u015eenli\u0307k Sk. No:9\/6 Ata\u015fehi\u0307r \/.. <span class=\"mil-el-more\"><a href=\"https:\/\/www.erdesaglik.com\/index.php\/iletisim\/\" class=\"mil-button mil-button-lg\"><span>Read more<\/span><\/a><\/span><\/p>\n","protected":false},"author":1,"featured_media":0,"parent":0,"menu_order":0,"comment_status":"closed","ping_status":"closed","template":"template-layout-builder.php","meta":{"_acf_changed":false,"footnotes":""},"class_list":["post-1505","page","type-page","status-publish","hentry"],"acf":[],"_links":{"self":[{"href":"https:\/\/www.erdesaglik.com\/index.php\/wp-json\/wp\/v2\/pages\/1505","targetHints":{"allow":["GET"]}}],"collection":[{"href":"https:\/\/www.erdesaglik.com\/index.php\/wp-json\/wp\/v2\/pages"}],"about":[{"href":"https:\/\/www.erdesaglik.com\/index.php\/wp-json\/wp\/v2\/types\/page"}],"author":[{"embeddable":true,"href":"https:\/\/www.erdesaglik.com\/index.php\/wp-json\/wp\/v2\/users\/1"}],"replies":[{"embeddable":true,"href":"https:\/\/www.erdesaglik.com\/index.php\/wp-json\/wp\/v2\/comments?post=1505"}],"version-history":[{"count":107,"href":"https:\/\/www.erdesaglik.com\/index.php\/wp-json\/wp\/v2\/pages\/1505\/revisions"}],"predecessor-version":[{"id":2453,"href":"https:\/\/www.erdesaglik.com\/index.php\/wp-json\/wp\/v2\/pages\/1505\/revisions\/2453"}],"wp:attachment":[{"href":"https:\/\/www.erdesaglik.com\/index.php\/wp-json\/wp\/v2\/media?parent=1505"}],"curies":[{"name":"wp","href":"https:\/\/api.w.org\/{rel}","templated":true}]}}